{"id":5739,"date":"2025-03-06T12:58:16","date_gmt":"2025-03-06T15:58:16","guid":{"rendered":"https:\/\/eleadatacenters.com\/certificacoes\/"},"modified":"2025-07-03T18:25:10","modified_gmt":"2025-07-03T21:25:10","slug":"certificacoes","status":"publish","type":"page","link":"https:\/\/eleadatacenters.com\/en\/certificacoes\/","title":{"rendered":"Certifica\u00e7\u00f5es"},"content":{"rendered":"\n    \n        <div class=\"block-banner-solutuin\">\n            <div class=\"block-banner-page-green\">\n                <div class=\"block-text-img-right-gray\">\n                    <div class=\"block text-block\">\n                        <div class=\"text-content\">\n                            <span class=\"line\"><\/span>\n                            <div class=\"content\">\n                                <h2>Certifications<\/h2>\n                                <p>\n                                    <span dir=\"ltr\" role=\"presentation\">At Elea, our certifications are<\/span> <span dir=\"ltr\" role=\"presentation\">powerful endorsements of our unwavering <\/span><span dir=\"ltr\" role=\"presentation\">commitment to excellence, security, and sustainability. They validate the <\/span><span dir=\"ltr\" role=\"presentation\">high quality of our services and the immense trust our clients place in us,<\/span><br role=\"presentation\" \/><span dir=\"ltr\" role=\"presentation\">establishing Elea as a leader in the Latin America data center industry.<\/span>                                                                    \n                                <\/p>\n                            <\/div>\n                        <\/div>\n                    <\/div>\n                    <div class=\"block image-block\">\n                        <img decoding=\"async\" src=\"https:\/\/eleadatacenters.com\/wp-content\/uploads\/2025\/03\/solutions_03.jpg\" alt=\"\">\n                    <\/div>\n                <\/div>\n            <\/div>\n        <\/div>\n\n        <div id=\"block-banner-solutuin-modal\" class=\"modal\">\n            <span class=\"modal-close\">\n                <svg clip-rule=\"evenodd\" fill-rule=\"evenodd\" stroke-linejoin=\"round\" stroke-miterlimit=\"2\"\n                    viewBox=\"0 0 24 24\" xmlns=\"http:\/\/www.w3.org\/2000\/svg\">\n                    <path\n                        d=\"m12 10.93 5.719-5.72c.146-.146.339-.219.531-.219.404 0 .75.324.75.749 0 .193-.073.385-.219.532l-5.72 5.719 5.719 5.719c.147.147.22.339.22.531 0 .427-.349.75-.75.75-.192 0-.385-.073-.531-.219l-5.719-5.719-5.719 5.719c-.146.146-.339.219-.531.219-.401 0-.75-.323-.75-.75 0-.192.073-.384.22-.531l5.719-5.719-5.72-5.719c-.146-.147-.219-.339-.219-.532 0-.425.346-.749.75-.749.192 0 .385.073.531.219z\" \/>\n                <\/svg>\n            <\/span>\n            <p><\/p>\n        <\/div>        \n\n    \n\n\n\n    \n        <div class=\"block-icons-benefits\">\n            <div class=\"p-inner\">\n                <div class=\"container\">\n                    <h4>Data Security and Protection<\/h4>\n                    <div class=\"content-center\">\n                        <div class=\"row\">\n\n                                                            <div class=\"col\">\n                                    <img decoding=\"async\" src=\"https:\/\/eleadatacenters.com\/wp-content\/uploads\/2025\/03\/isae-1.png\" alt=\"\">\n                                    <div class=\"text\">\n                                        <h5>ISAE 3402 &#8211; Tipo 2<\/h5>\n                                        <p>Ensures we follow stringent financial and operational controls, providing transparency and\r\nsecurity for our clients.<\/p>\n                                    <\/div>\n                                <\/div>\n                                                            <div class=\"col\">\n                                    <img decoding=\"async\" src=\"https:\/\/eleadatacenters.com\/wp-content\/uploads\/2025\/03\/Design-sem-nome-1.png\" alt=\"\">\n                                    <div class=\"text\">\n                                        <h5>ISO 27001<\/h5>\n                                        <p>International standard establishing best practices\r\nfor information security, protecting data against\r\nunauthorized access, and ensuring its integrity.<\/p>\n                                    <\/div>\n                                <\/div>\n                                                            <div class=\"col\">\n                                    <img decoding=\"async\" src=\"https:\/\/eleadatacenters.com\/wp-content\/uploads\/2025\/03\/Selo-PCI-DSS-1.png\" alt=\"\">\n                                    <div class=\"text\">\n                                        <h5>PCI DSS<\/h5>\n                                        <p>Compliance with the highest security standards for credit card transactions, reducing risks of fraud and data breaches.<\/p>\n                                    <\/div>\n                                <\/div>\n                                                            <div class=\"col\">\n                                    <img decoding=\"async\" src=\"https:\/\/eleadatacenters.com\/wp-content\/uploads\/2025\/03\/12.png\" alt=\"\">\n                                    <div class=\"text\">\n                                        <h5>SOC2 e SOC3 &#8211; Tipo 2<\/h5>\n                                        <p>Certifications guaranteeing the security, integrity, and privacy of systems, with SOC 3 aimed at a broader and accessible audience.<\/p>\n                                    <\/div>\n                                <\/div>\n                            \n                        <\/div>\n                    <\/div>\n                <\/div>\n            <\/div>\n        <\/div>\n\n    \n\n\n\n    \n        <div class=\"block-cards-solutions\">\n            <div class=\"p-inner\">\n                <div class=\"container\">\n                    <h4>Energy Efficiency and Sustainability<\/h4>\n                    <p><\/p>\n\n                    <ul>\n                                                    <li>\n                                <img decoding=\"async\" src=\"https:\/\/eleadatacenters.com\/wp-content\/uploads\/2025\/03\/Black-and-White-Modern-Badge-Travel-Logo-6-1.png\" alt=\"\">\n                                <h5>LEED GOLD<\/h5>\n                                <p>Our infrastructure is certified as sustainable, featuring energy efficiency and eco-friendly\r\npractices.<\/p>\n                            <\/li>\n                                                    <li>\n                                <img decoding=\"async\" src=\"https:\/\/eleadatacenters.com\/wp-content\/uploads\/2025\/03\/I-REC-1.png\" alt=\"\">\n                                <h5>I-REC<\/h5>\n                                <p>We ensure the use of electricity from renewable sources, promoting a greener business\r\nenvironment.<\/p>\n                            <\/li>\n                                                    <li>\n                                <img decoding=\"async\" src=\"https:\/\/eleadatacenters.com\/wp-content\/uploads\/2025\/07\/ISO-14064-2.png\" alt=\"\">\n                                <h5>ISO 14064<\/h5>\n                                <p>Ensures accuracy and transparency in the quantification, monitoring, and reporting of greenhouse gas (GHG) emissions.<\/p>\n                            <\/li>\n                                                    <li>\n                                <img decoding=\"async\" src=\"https:\/\/eleadatacenters.com\/wp-content\/uploads\/2025\/07\/GHG-Protocol.png\" alt=\"\">\n                                <h5>GHG Protocol<\/h5>\n                                <p>The highest recognition, certifying Elea\u2019s excellence in managing Scope 1, 2, and 3 emissions according to the most rigorous international decarbonization standards.<\/p>\n                            <\/li>\n                                            <\/ul>\n                <\/div>\n            <\/div>\n        <\/div>\n\n    \n\n\n\n    \n        <div class=\"block-icons-benefits\">\n            <div class=\"p-inner\">\n                <div class=\"container\">\n                    <h4>Quality and High Availability<\/h4>\n                    <div class=\"content-center\">\n                        <div class=\"row\">\n\n                                                            <div class=\"col\">\n                                    <img decoding=\"async\" src=\"https:\/\/eleadatacenters.com\/wp-content\/uploads\/2025\/03\/Tier-III.png\" alt=\"\">\n                                    <div class=\"text\">\n                                        <h5>Tier III Design &#038; Facilities<\/h5>\n                                        <p>Certifica\u00e7\u00e3o do Uptime Institute que assegura que nosso data center oferece alta disponibilidade (99,982%) e redund\u00e2ncia, sem impacto nas opera\u00e7\u00f5es durante manuten\u00e7\u00f5es.<\/p>\n                                    <\/div>\n                                <\/div>\n                                                            <div class=\"col\">\n                                    <img decoding=\"async\" src=\"https:\/\/eleadatacenters.com\/wp-content\/uploads\/2025\/03\/TUV-TIA.png\" alt=\"\">\n                                    <div class=\"text\">\n                                        <h5>TR3 (TIA 942)<\/h5>\n                                        <p>Certifica\u00e7\u00e3o internacional que valida a seguran\u00e7a e confiabilidade da nossa infraestrutura, assegurando excel\u00eancia em ambientes cr\u00edticos.<\/p>\n                                    <\/div>\n                                <\/div>\n                            \n                        <\/div>\n                    <\/div>\n                <\/div>\n            <\/div>\n        <\/div>\n\n    \n","protected":false},"excerpt":{"rendered":"","protected":false},"author":1,"featured_media":0,"parent":0,"menu_order":0,"comment_status":"closed","ping_status":"closed","template":"","meta":{"_acf_changed":false,"footnotes":""},"class_list":["post-5739","page","type-page","status-publish","hentry"],"acf":[],"yoast_head":"<!-- This site is optimized with the Yoast SEO plugin v27.3 - https:\/\/yoast.com\/product\/yoast-seo-wordpress\/ -->\n<title>Certifica\u00e7\u00f5es - Elea<\/title>\n<meta name=\"description\" content=\"Elea\" \/>\n<meta name=\"robots\" content=\"index, follow, max-snippet:-1, max-image-preview:large, max-video-preview:-1\" \/>\n<link rel=\"canonical\" href=\"https:\/\/eleadatacenters.com\/en\/certificacoes\/\" \/>\n<meta property=\"og:locale\" content=\"en_US\" \/>\n<meta property=\"og:type\" content=\"article\" \/>\n<meta property=\"og:title\" content=\"Certifica\u00e7\u00f5es - Elea\" \/>\n<meta property=\"og:description\" content=\"Elea\" \/>\n<meta property=\"og:url\" content=\"https:\/\/eleadatacenters.com\/en\/certificacoes\/\" \/>\n<meta property=\"og:site_name\" content=\"Elea\" \/>\n<meta property=\"article:modified_time\" content=\"2025-07-03T21:25:10+00:00\" \/>\n<meta property=\"og:image\" content=\"https:\/\/eleadatacenters.com\/wp-content\/uploads\/2024\/09\/img.jpg\" \/>\n\t<meta property=\"og:image:width\" content=\"1908\" \/>\n\t<meta property=\"og:image:height\" content=\"881\" \/>\n\t<meta property=\"og:image:type\" content=\"image\/jpeg\" \/>\n<meta name=\"twitter:card\" content=\"summary_large_image\" \/>\n<script type=\"application\/ld+json\" class=\"yoast-schema-graph\">{\"@context\":\"https:\\\/\\\/schema.org\",\"@graph\":[{\"@type\":\"WebPage\",\"@id\":\"https:\\\/\\\/eleadatacenters.com\\\/en\\\/certificacoes\\\/\",\"url\":\"https:\\\/\\\/eleadatacenters.com\\\/en\\\/certificacoes\\\/\",\"name\":\"Certifica\u00e7\u00f5es - Elea\",\"isPartOf\":{\"@id\":\"\\\/#website\"},\"datePublished\":\"2025-03-06T15:58:16+00:00\",\"dateModified\":\"2025-07-03T21:25:10+00:00\",\"description\":\"Elea\",\"breadcrumb\":{\"@id\":\"https:\\\/\\\/eleadatacenters.com\\\/en\\\/certificacoes\\\/#breadcrumb\"},\"inLanguage\":\"en-US\",\"potentialAction\":[{\"@type\":\"ReadAction\",\"target\":[\"https:\\\/\\\/eleadatacenters.com\\\/en\\\/certificacoes\\\/\"]}]},{\"@type\":\"BreadcrumbList\",\"@id\":\"https:\\\/\\\/eleadatacenters.com\\\/en\\\/certificacoes\\\/#breadcrumb\",\"itemListElement\":[{\"@type\":\"ListItem\",\"position\":1,\"name\":\"In\u00edcio\",\"item\":\"https:\\\/\\\/eleadatacenters.com\\\/en\\\/\"},{\"@type\":\"ListItem\",\"position\":2,\"name\":\"Certifica\u00e7\u00f5es\"}]},{\"@type\":\"WebSite\",\"@id\":\"\\\/#website\",\"url\":\"\\\/\",\"name\":\"Elea Data Centers\",\"description\":\"Plataforma de Data Centers Sustent\u00e1veis\",\"publisher\":{\"@id\":\"\\\/#organization\"},\"alternateName\":\"Elea\",\"potentialAction\":[{\"@type\":\"SearchAction\",\"target\":{\"@type\":\"EntryPoint\",\"urlTemplate\":\"\\\/?s={search_term_string}\"},\"query-input\":{\"@type\":\"PropertyValueSpecification\",\"valueRequired\":true,\"valueName\":\"search_term_string\"}}],\"inLanguage\":\"en-US\"},{\"@type\":\"Organization\",\"@id\":\"\\\/#organization\",\"name\":\"Elea Data Centers\",\"alternateName\":\"Elea\",\"url\":\"\\\/\",\"logo\":{\"@type\":\"ImageObject\",\"inLanguage\":\"en-US\",\"@id\":\"\\\/#\\\/schema\\\/logo\\\/image\\\/\",\"url\":\"https:\\\/\\\/eleadatacenters.com\\\/wp-content\\\/uploads\\\/2024\\\/09\\\/elea-logo.png\",\"contentUrl\":\"https:\\\/\\\/eleadatacenters.com\\\/wp-content\\\/uploads\\\/2024\\\/09\\\/elea-logo.png\",\"width\":211,\"height\":76,\"caption\":\"Elea Data Centers\"},\"image\":{\"@id\":\"\\\/#\\\/schema\\\/logo\\\/image\\\/\"},\"sameAs\":[\"https:\\\/\\\/www.linkedin.com\\\/company\\\/eleadatacenters\\\/\"]}]}<\/script>\n<!-- \/ Yoast SEO plugin. -->","yoast_head_json":{"title":"Certifica\u00e7\u00f5es - Elea","description":"Elea","robots":{"index":"index","follow":"follow","max-snippet":"max-snippet:-1","max-image-preview":"max-image-preview:large","max-video-preview":"max-video-preview:-1"},"canonical":"https:\/\/eleadatacenters.com\/en\/certificacoes\/","og_locale":"en_US","og_type":"article","og_title":"Certifica\u00e7\u00f5es - Elea","og_description":"Elea","og_url":"https:\/\/eleadatacenters.com\/en\/certificacoes\/","og_site_name":"Elea","article_modified_time":"2025-07-03T21:25:10+00:00","og_image":[{"width":1908,"height":881,"url":"https:\/\/eleadatacenters.com\/wp-content\/uploads\/2024\/09\/img.jpg","type":"image\/jpeg"}],"twitter_card":"summary_large_image","schema":{"@context":"https:\/\/schema.org","@graph":[{"@type":"WebPage","@id":"https:\/\/eleadatacenters.com\/en\/certificacoes\/","url":"https:\/\/eleadatacenters.com\/en\/certificacoes\/","name":"Certifica\u00e7\u00f5es - Elea","isPartOf":{"@id":"\/#website"},"datePublished":"2025-03-06T15:58:16+00:00","dateModified":"2025-07-03T21:25:10+00:00","description":"Elea","breadcrumb":{"@id":"https:\/\/eleadatacenters.com\/en\/certificacoes\/#breadcrumb"},"inLanguage":"en-US","potentialAction":[{"@type":"ReadAction","target":["https:\/\/eleadatacenters.com\/en\/certificacoes\/"]}]},{"@type":"BreadcrumbList","@id":"https:\/\/eleadatacenters.com\/en\/certificacoes\/#breadcrumb","itemListElement":[{"@type":"ListItem","position":1,"name":"In\u00edcio","item":"https:\/\/eleadatacenters.com\/en\/"},{"@type":"ListItem","position":2,"name":"Certifica\u00e7\u00f5es"}]},{"@type":"WebSite","@id":"\/#website","url":"\/","name":"Elea Data Centers","description":"Plataforma de Data Centers Sustent\u00e1veis","publisher":{"@id":"\/#organization"},"alternateName":"Elea","potentialAction":[{"@type":"SearchAction","target":{"@type":"EntryPoint","urlTemplate":"\/?s={search_term_string}"},"query-input":{"@type":"PropertyValueSpecification","valueRequired":true,"valueName":"search_term_string"}}],"inLanguage":"en-US"},{"@type":"Organization","@id":"\/#organization","name":"Elea Data Centers","alternateName":"Elea","url":"\/","logo":{"@type":"ImageObject","inLanguage":"en-US","@id":"\/#\/schema\/logo\/image\/","url":"https:\/\/eleadatacenters.com\/wp-content\/uploads\/2024\/09\/elea-logo.png","contentUrl":"https:\/\/eleadatacenters.com\/wp-content\/uploads\/2024\/09\/elea-logo.png","width":211,"height":76,"caption":"Elea Data Centers"},"image":{"@id":"\/#\/schema\/logo\/image\/"},"sameAs":["https:\/\/www.linkedin.com\/company\/eleadatacenters\/"]}]}},"_links":{"self":[{"href":"https:\/\/eleadatacenters.com\/en\/wp-json\/wp\/v2\/pages\/5739","targetHints":{"allow":["GET"]}}],"collection":[{"href":"https:\/\/eleadatacenters.com\/en\/wp-json\/wp\/v2\/pages"}],"about":[{"href":"https:\/\/eleadatacenters.com\/en\/wp-json\/wp\/v2\/types\/page"}],"author":[{"embeddable":true,"href":"https:\/\/eleadatacenters.com\/en\/wp-json\/wp\/v2\/users\/1"}],"replies":[{"embeddable":true,"href":"https:\/\/eleadatacenters.com\/en\/wp-json\/wp\/v2\/comments?post=5739"}],"version-history":[{"count":7,"href":"https:\/\/eleadatacenters.com\/en\/wp-json\/wp\/v2\/pages\/5739\/revisions"}],"predecessor-version":[{"id":6601,"href":"https:\/\/eleadatacenters.com\/en\/wp-json\/wp\/v2\/pages\/5739\/revisions\/6601"}],"wp:attachment":[{"href":"https:\/\/eleadatacenters.com\/en\/wp-json\/wp\/v2\/media?parent=5739"}],"curies":[{"name":"wp","href":"https:\/\/api.w.org\/{rel}","templated":true}]}}